{"id":2108,"date":"2026-03-30T19:55:35","date_gmt":"2026-03-30T19:55:35","guid":{"rendered":"https:\/\/rodprzyluskiego.pl\/?page_id=2108"},"modified":"2026-03-30T20:17:46","modified_gmt":"2026-03-30T20:17:46","slug":"oplaty-2026r","status":"publish","type":"page","link":"https:\/\/rodprzyluskiego.pl\/?page_id=2108","title":{"rendered":"Op\u0142aty 2026"},"content":{"rendered":"<table style=\"width: 86.8914%;\" border=\"0\" cellspacing=\"0\">\n<colgroup span=\"3\" width=\"180\"><\/colgroup>\n<colgroup span=\"2\" width=\"163\"><\/colgroup>\n<tbody>\n<tr>\n<td style=\"width: 99.8479%;\" colspan=\"5\" align=\"center\" height=\"84\" data-sheets-value=\"{ &quot;1&quot;: 2, &quot;2&quot;: &quot;Wysoko\u015b\u0107 op\u0142at w 2025r.\\u000aOrgan zatwierdzaj\u0105cy: Walne Zebranie Dzia\u0142kowc\u00f3w ROD im. Ks. Leona Przy\u0142uskiego w Poznaniu 22.03.2025r.&quot;}\"><span style=\"color: #008000; font-size: 14pt; font-family: arial, helvetica, sans-serif;\"><strong>Wysoko\u015b\u0107 op\u0142at w 2026r.<\/strong><b><br \/>\nOrgan zatwierdzaj\u0105cy: Walne Zebranie Dzia\u0142kowc\u00f3w ROD im. Ks. Leona Przy\u0142uskiego w Poznaniu 28.marca.2026r.<\/b><\/span><\/td>\n<\/tr>\n<tr>\n<td style=\"width: 62.2469%;\" colspan=\"3\" align=\"center\" height=\"21\" data-sheets-value=\"{ &quot;1&quot;: 2, &quot;2&quot;: &quot;Wyszczeg\u00f3lnienie&quot;}\"><span style=\"font-family: arial, helvetica, sans-serif;\"><b>Wyszczeg\u00f3lnienie<\/b><\/span><\/td>\n<td style=\"width: 18.8005%;\" align=\"center\" data-sheets-value=\"{ &quot;1&quot;: 2, &quot;2&quot;: &quot;kwota w PLN&quot;}\"><span style=\"font-family: arial, helvetica, sans-serif;\"><b>kwota w PLN<\/b><\/span><\/td>\n<td style=\"width: 18.8005%;\" align=\"center\" data-sheets-value=\"{ &quot;1&quot;: 2, &quot;2&quot;: &quot;termin zap\u0142aty&quot;}\"><span style=\"font-family: arial, helvetica, sans-serif;\"><b>termin zap\u0142aty<\/b><\/span><\/td>\n<\/tr>\n<tr>\n<td style=\"width: 62.2469%;\" colspan=\"3\" align=\"left\" height=\"21\" data-sheets-value=\"{ &quot;1&quot;: 2, &quot;2&quot;: &quot;1.Sk\u0142adka cz\u0142onkowska (od dzia\u0142ki)&quot;}\"><span style=\"font-family: arial, helvetica, sans-serif;\">1.Sk\u0142adka cz\u0142onkowska (od dzia\u0142ki)<\/span><\/td>\n<td style=\"width: 18.8005%;\" align=\"center\" data-sheets-value=\"{ &quot;1&quot;: 3, &quot;3&quot;: 10}\" data-sheets-numberformat=\"{ &quot;1&quot;: 2, &quot;2&quot;: &quot;0,00&quot;, &quot;3&quot;: 1}\"><span style=\"font-family: arial, helvetica, sans-serif;\">10,00<\/span><\/td>\n<td style=\"width: 18.8005%;\" align=\"center\" data-sheets-value=\"{ &quot;1&quot;: 2, &quot;2&quot;: &quot;30.06.2025r.&quot;}\"><span style=\"font-family: arial, helvetica, sans-serif;\">30.06.2026r.<\/span><\/td>\n<\/tr>\n<tr>\n<td style=\"width: 62.2469%;\" colspan=\"3\" align=\"left\" height=\"40\" data-sheets-value=\"{ &quot;1&quot;: 2, &quot;2&quot;: &quot;2.Op\u0142ata na rzecz Ogrodu\u00a0 w tym partycypacja w kosztach zarz\u0105dzania PZD i KR\u00a0 ( z\u0142\\\/m\u00b2)&quot;}\"><span style=\"font-family: arial, helvetica, sans-serif;\">2.Op\u0142ata na rzecz Ogrodu\u00a0 w tym partycypacja w kosztach zarz\u0105dzania PZD i KR\u00a0 ( z\u0142\/m\u00b2)<\/span><\/td>\n<td style=\"width: 18.8005%;\" align=\"center\" data-sheets-value=\"{ &quot;1&quot;: 3, &quot;3&quot;: 1}\" data-sheets-numberformat=\"{ &quot;1&quot;: 2, &quot;2&quot;: &quot;0,00&quot;, &quot;3&quot;: 1}\"><span style=\"font-family: arial, helvetica, sans-serif;\">1,80<\/span><\/td>\n<td style=\"width: 18.8005%;\" align=\"center\" data-sheets-value=\"{ &quot;1&quot;: 2, &quot;2&quot;: &quot;30.06.2025r.&quot;}\"><span style=\"font-family: arial, helvetica, sans-serif;\">30.06.2026r.<\/span><\/td>\n<\/tr>\n<tr>\n<td style=\"width: 62.2469%;\" colspan=\"3\" align=\"left\" height=\"21\" data-sheets-value=\"{ &quot;1&quot;: 2, &quot;2&quot;: &quot;3. Op\u0142ata za wyw\u00f3z nieczysto\u015bci i odpad\u00f3w zielonych (od dzia\u0142ki)&quot;}\"><span style=\"font-family: arial, helvetica, sans-serif;\">3. Op\u0142ata za wyw\u00f3z nieczysto\u015bci i odpad\u00f3w zielonych (od dzia\u0142ki)<\/span><\/td>\n<td style=\"width: 18.8005%;\" align=\"center\" data-sheets-value=\"{ &quot;1&quot;: 3, &quot;3&quot;: 260}\" data-sheets-numberformat=\"{ &quot;1&quot;: 2, &quot;2&quot;: &quot;0,00&quot;, &quot;3&quot;: 1}\"><span style=\"font-family: arial, helvetica, sans-serif;\">270,00<\/span><\/td>\n<td style=\"width: 18.8005%;\" align=\"center\" data-sheets-value=\"{ &quot;1&quot;: 2, &quot;2&quot;: &quot;30.06.2025r.&quot;}\"><span style=\"font-family: arial, helvetica, sans-serif;\">30.06.2026r.<\/span><\/td>\n<\/tr>\n<tr>\n<td style=\"width: 62.2469%;\" colspan=\"3\" align=\"left\" height=\"21\" data-sheets-value=\"{ &quot;1&quot;: 2, &quot;2&quot;: &quot;4. Op\u0142ata inwestycyjna (od dzia\u0142ki)&quot;}\"><span style=\"font-family: arial, helvetica, sans-serif;\">4. Op\u0142ata inwestycyjna (od dzia\u0142ki)<\/span><\/td>\n<td style=\"width: 18.8005%;\" align=\"center\" data-sheets-value=\"{ &quot;1&quot;: 3, &quot;3&quot;: 30}\" data-sheets-numberformat=\"{ &quot;1&quot;: 2, &quot;2&quot;: &quot;0,00&quot;, &quot;3&quot;: 1}\"><span style=\"font-family: arial, helvetica, sans-serif;\">155,00<\/span><\/td>\n<td style=\"width: 18.8005%;\" align=\"center\" data-sheets-value=\"{ &quot;1&quot;: 2, &quot;2&quot;: &quot;30.06.2025r.&quot;}\"><span style=\"font-family: arial, helvetica, sans-serif;\">30.06.2026r.<\/span><\/td>\n<\/tr>\n<tr>\n<td style=\"width: 62.2469%;\" colspan=\"3\" align=\"left\" height=\"21\" data-sheets-value=\"{ &quot;1&quot;: 2, &quot;2&quot;: &quot;5. Sta\u0142a wodna (od dzia\u0142ki)&quot;}\"><span style=\"font-family: arial, helvetica, sans-serif;\">5. Sta\u0142a wodna (od dzia\u0142ki)<\/span><\/td>\n<td style=\"width: 18.8005%;\" align=\"center\" data-sheets-value=\"{ &quot;1&quot;: 3, &quot;3&quot;: 30}\" data-sheets-numberformat=\"{ &quot;1&quot;: 2, &quot;2&quot;: &quot;0,00&quot;, &quot;3&quot;: 1}\"><span style=\"font-family: arial, helvetica, sans-serif;\">20,00<\/span><\/td>\n<td style=\"width: 18.8005%;\" align=\"center\" data-sheets-value=\"{ &quot;1&quot;: 2, &quot;2&quot;: &quot;30.06.2025r.&quot;}\"><span style=\"font-family: arial, helvetica, sans-serif;\">30.06.2026r.<\/span><\/td>\n<\/tr>\n<tr>\n<td style=\"width: 62.2469%;\" colspan=\"3\" align=\"left\" height=\"21\" data-sheets-value=\"{ &quot;1&quot;: 2, &quot;2&quot;: &quot;6. Sta\u0142a energetyczna&quot;}\"><span style=\"font-family: arial, helvetica, sans-serif;\">6. Sta\u0142a energetyczna<\/span><\/td>\n<td style=\"width: 18.8005%;\" align=\"center\" data-sheets-value=\"{ &quot;1&quot;: 3, &quot;3&quot;: 0}\" data-sheets-numberformat=\"{ &quot;1&quot;: 2, &quot;2&quot;: &quot;0,00&quot;, &quot;3&quot;: 1}\"><span style=\"font-family: arial, helvetica, sans-serif;\">0,00<\/span><\/td>\n<td style=\"width: 18.8005%;\" align=\"center\" data-sheets-value=\"{ &quot;1&quot;: 2, &quot;2&quot;: &quot;\u00a0&quot;}\"><\/td>\n<\/tr>\n<tr>\n<td style=\"width: 62.2469%;\" colspan=\"3\" align=\"left\" valign=\"middle\" height=\"40\" data-sheets-value=\"{ &quot;1&quot;: 2, &quot;2&quot;: &quot;7. Dodatkowe op\u0142aty za pod\u0142\u0105czenie energii elektrycznej (gdy wy\u0142\u0105czenie jest sankcj\u0105 karn\u0105 \u2013 nieterminowe p\u0142atno\u015bci)&quot;}\"><span style=\"font-family: arial, helvetica, sans-serif;\">7. Dodatkowe op\u0142aty za pod\u0142\u0105czenie energii elektrycznej (gdy wy\u0142\u0105czenie jest sankcj\u0105 karn\u0105 \u2013 nieterminowe p\u0142atno\u015bci)<\/span><\/td>\n<td style=\"width: 18.8005%;\" align=\"center\" data-sheets-value=\"{ &quot;1&quot;: 3, &quot;3&quot;: 30}\" data-sheets-numberformat=\"{ &quot;1&quot;: 2, &quot;2&quot;: &quot;0,00&quot;, &quot;3&quot;: 1}\"><span style=\"font-family: arial, helvetica, sans-serif;\">30,00<\/span><\/td>\n<td style=\"width: 18.8005%;\" align=\"center\" data-sheets-value=\"{ &quot;1&quot;: 2, &quot;2&quot;: &quot;przed za\u0142\u0105czeniem&quot;}\"><span style=\"font-family: arial, helvetica, sans-serif;\">przed za\u0142\u0105czeniem<\/span><\/td>\n<\/tr>\n<tr>\n<td style=\"width: 99.8479%;\" colspan=\"5\" align=\"center\" height=\"40\" data-sheets-value=\"{ &quot;1&quot;: 2, &quot;2&quot;: &quot;Wp\u0142at nale\u017cy dokonywa\u0107 przelewem na rachunek bankowy ROD im. Ks. Leona Przy\u0142uskiego w Poznaniu :\\u000aPKO BP S. A. I O\\\/Pozna\u0144 Nr konta : 05 1020 4027 0000 1502 0412 9094&quot;}\"><span style=\"font-family: arial, helvetica, sans-serif;\"><b>Wp\u0142at nale\u017cy dokonywa\u0107 przelewem na rachunek bankowy ROD im. Ks. Leona Przy\u0142uskiego w Poznaniu :<br \/>\nPKO BP S. A. I O\/Pozna\u0144 Nr konta : 05 1020 4027 0000 1502 0412 9094<\/b><\/span><\/td>\n<\/tr>\n<tr>\n<td style=\"width: 20.7612%;\" align=\"left\" height=\"40\" data-sheets-value=\"{ &quot;1&quot;: 2, &quot;2&quot;: &quot;Uwaga!&quot;}\"><span style=\"font-family: arial, helvetica, sans-serif; color: #ff0000;\"><b>Uwaga!<\/b><\/span><\/td>\n<td style=\"width: 79.0867%;\" colspan=\"4\" align=\"left\" data-sheets-value=\"{ &quot;1&quot;: 2, &quot;2&quot;: &quot;Po up\u0142ywie termin\u00f3w p\u0142atno\u015bci naliczane b\u0119d\u0105 odsetki ustawowe od wp\u0142at przeterminowanych&quot;}\"><span style=\"font-family: arial, helvetica, sans-serif; color: #ff0000;\"><b>Po up\u0142ywie termin\u00f3w p\u0142atno\u015bci naliczane b\u0119d\u0105 odsetki ustawowe od wp\u0142at przeterminowanych<\/b><\/span><\/td>\n<\/tr>\n<tr>\n<td style=\"width: 99.8479%;\" colspan=\"5\" align=\"center\" height=\"29\" data-sheets-value=\"{ &quot;1&quot;: 2, &quot;2&quot;: &quot;Dodatkowe op\u0142aty nowych u\u017cytkownik\u00f3w ROD ( przy nabyciu dzia\u0142ki)&quot;}\"><span style=\"font-family: arial, helvetica, sans-serif; color: #008000; font-size: 14pt;\"><b>Dodatkowe op\u0142aty nowych u\u017cytkownik\u00f3w ROD ( przy nabyciu dzia\u0142ki)<\/b><\/span><\/td>\n<\/tr>\n<tr>\n<td style=\"width: 62.2469%;\" colspan=\"3\" align=\"left\" height=\"21\" data-sheets-value=\"{ &quot;1&quot;: 2, &quot;2&quot;: &quot;\u00a0&quot;}\"><\/td>\n<td style=\"width: 18.8005%;\" align=\"center\" data-sheets-value=\"{ &quot;1&quot;: 2, &quot;2&quot;: &quot;kwota w PLN&quot;}\"><span style=\"font-family: arial, helvetica, sans-serif;\"><b>kwota w PLN<\/b><\/span><\/td>\n<td style=\"width: 18.8005%;\" align=\"center\" data-sheets-value=\"{ &quot;1&quot;: 2, &quot;2&quot;: &quot;termin zap\u0142aty&quot;}\"><span style=\"font-family: arial, helvetica, sans-serif;\"><b>termin zap\u0142aty<\/b><\/span><\/td>\n<\/tr>\n<tr>\n<td style=\"width: 41.4857%;\" colspan=\"2\" align=\"left\" height=\"21\" data-sheets-value=\"{ &quot;1&quot;: 2, &quot;2&quot;: &quot;1.Wpisowe od nowych cz\u0142onk\u00f3w ROD&quot;}\"><span style=\"font-family: arial, helvetica, sans-serif;\">1.Wpisowe od nowych cz\u0142onk\u00f3w ROD<\/span><\/td>\n<td style=\"width: 20.7612%;\" align=\"center\" data-sheets-value=\"{ &quot;1&quot;: 2, &quot;2&quot;: &quot;\u00a0&quot;}\"><\/td>\n<td style=\"width: 18.8005%;\" align=\"center\" data-sheets-value=\"{ &quot;1&quot;: 3, &quot;3&quot;: 400}\" data-sheets-numberformat=\"{ &quot;1&quot;: 2, &quot;2&quot;: &quot;0,00&quot;, &quot;3&quot;: 1}\"><span style=\"font-family: arial, helvetica, sans-serif;\">400,00<\/span><\/td>\n<td style=\"width: 18.8005%;\" align=\"center\" data-sheets-value=\"{ &quot;1&quot;: 2, &quot;2&quot;: &quot;dzie\u0144 nabycia&quot;}\"><span style=\"font-family: arial, helvetica, sans-serif;\">dzie\u0144 nabycia<\/span><\/td>\n<\/tr>\n<tr>\n<td style=\"width: 41.4857%;\" colspan=\"2\" align=\"left\" height=\"59\" data-sheets-value=\"{ &quot;1&quot;: 2, &quot;2&quot;: &quot;2. Jednorazowa op\u0142ata inwestycyjna (zmiana dzier\u017cawcy)&quot;}\"><span style=\"font-family: arial, helvetica, sans-serif;\">2. Jednorazowa op\u0142ata inwestycyjna (zmiana dzier\u017cawcy)<\/span><\/td>\n<td style=\"width: 20.7612%;\" align=\"center\" data-sheets-value=\"{ &quot;1&quot;: 2, &quot;2&quot;: &quot;Instrukcja KR PZD w spr. op\u0142at inwest. w ROD p.III pp.5 i 6&quot;}\"><span style=\"font-family: arial, helvetica, sans-serif;\">Instrukcja KR PZD w spr. op\u0142at inwest. w ROD p.III pp.5 i 6<\/span><\/td>\n<td style=\"width: 18.8005%;\" align=\"center\" data-sheets-value=\"{ &quot;1&quot;: 3, &quot;3&quot;: 1200}\" data-sheets-numberformat=\"{ &quot;1&quot;: 2, &quot;2&quot;: &quot;0,00&quot;, &quot;3&quot;: 1}\"><span style=\"font-family: arial, helvetica, sans-serif;\">1200,00<\/span><\/td>\n<td style=\"width: 18.8005%;\" align=\"center\" data-sheets-value=\"{ &quot;1&quot;: 2, &quot;2&quot;: &quot;dzie\u0144 nabycia&quot;}\"><span style=\"font-family: arial, helvetica, sans-serif;\">dzie\u0144 nabycia<\/span><\/td>\n<\/tr>\n<tr>\n<td style=\"width: 41.4857%;\" colspan=\"2\" align=\"center\" height=\"59\" data-sheets-value=\"{ &quot;1&quot;: 2, &quot;2&quot;: &quot;\u00a0&quot;}\"><\/td>\n<td style=\"width: 20.7612%;\" align=\"center\" data-sheets-value=\"{ &quot;1&quot;: 2, &quot;2&quot;: &quot;Razem&quot;}\"><span style=\"font-family: arial, helvetica, sans-serif;\"><b>Razem<\/b><\/span><\/td>\n<td style=\"width: 18.8005%;\" align=\"center\" data-sheets-value=\"{ &quot;1&quot;: 3, &quot;3&quot;: 1600}\" data-sheets-numberformat=\"{ &quot;1&quot;: 2, &quot;2&quot;: &quot;0,00&quot;, &quot;3&quot;: 1}\"><span style=\"font-family: arial, helvetica, sans-serif;\"><b>1600,00<\/b><\/span><\/td>\n<td style=\"width: 18.8005%;\" align=\"center\" data-sheets-value=\"{ &quot;1&quot;: 2, &quot;2&quot;: &quot;Dla nowych u\u017cytkownik\u00f3w istniej\u0105cych dzia\u0142ek&quot;}\"><span style=\"font-family: arial, helvetica, sans-serif;\"><b>Dla nowych u\u017cytkownik\u00f3w istniej\u0105cych dzia\u0142ek<\/b><\/span><\/td>\n<\/tr>\n<\/tbody>\n<\/table>\n","protected":false},"excerpt":{"rendered":"<p>Wysoko\u015b\u0107 op\u0142at w 2026r. Organ zatwierdzaj\u0105cy: Walne Zebranie Dzia\u0142kowc\u00f3w ROD im. Ks. Leona Przy\u0142uskiego w Poznaniu 28.marca.2026r. Wyszczeg\u00f3lnienie kwota w PLN termin zap\u0142aty 1.Sk\u0142adka cz\u0142onkowska (od dzia\u0142ki) 10,00 30.06.2026r. 2.Op\u0142ata na rzecz Ogrodu\u00a0 w tym partycypacja w kosztach zarz\u0105dzania PZD i KR\u00a0 ( z\u0142\/m\u00b2) 1,80 30.06.2026r. 3. Op\u0142ata za wyw\u00f3z nieczysto\u015bci i odpad\u00f3w zielonych (od dzia\u0142ki) 270,00 30.06.2026r. 4. Op\u0142ata inwestycyjna (od dzia\u0142ki) 155,00 30.06.2026r. 5. Sta\u0142a wodna (od dzia\u0142ki) 20,00 30.06.2026r. 6. Sta\u0142a energetyczna 0,00 7. Dodatkowe op\u0142aty za <a class=\"read-more-link\" href=\"https:\/\/rodprzyluskiego.pl\/?page_id=2108\">&#8230; kliknij aby wy\u015bwietli\u0107 pe\u0142n\u0105 tre\u015b\u0107.<\/a><\/p>\n","protected":false},"author":3,"featured_media":0,"parent":0,"menu_order":0,"comment_status":"closed","ping_status":"closed","template":"","meta":{"footnotes":""},"class_list":["post-2108","page","type-page","status-publish","hentry"],"_links":{"self":[{"href":"https:\/\/rodprzyluskiego.pl\/index.php?rest_route=\/wp\/v2\/pages\/2108","targetHints":{"allow":["GET"]}}],"collection":[{"href":"https:\/\/rodprzyluskiego.pl\/index.php?rest_route=\/wp\/v2\/pages"}],"about":[{"href":"https:\/\/rodprzyluskiego.pl\/index.php?rest_route=\/wp\/v2\/types\/page"}],"author":[{"embeddable":true,"href":"https:\/\/rodprzyluskiego.pl\/index.php?rest_route=\/wp\/v2\/users\/3"}],"replies":[{"embeddable":true,"href":"https:\/\/rodprzyluskiego.pl\/index.php?rest_route=%2Fwp%2Fv2%2Fcomments&post=2108"}],"version-history":[{"count":4,"href":"https:\/\/rodprzyluskiego.pl\/index.php?rest_route=\/wp\/v2\/pages\/2108\/revisions"}],"predecessor-version":[{"id":2112,"href":"https:\/\/rodprzyluskiego.pl\/index.php?rest_route=\/wp\/v2\/pages\/2108\/revisions\/2112"}],"wp:attachment":[{"href":"https:\/\/rodprzyluskiego.pl\/index.php?rest_route=%2Fwp%2Fv2%2Fmedia&parent=2108"}],"curies":[{"name":"wp","href":"https:\/\/api.w.org\/{rel}","templated":true}]}}